{"id":809,"date":"2024-01-26T12:46:11","date_gmt":"2024-01-26T11:46:11","guid":{"rendered":"https:\/\/permanentmakeup.cz\/domains\/permanentmakeup.cz\/?page_id=809"},"modified":"2024-01-29T14:23:42","modified_gmt":"2024-01-29T13:23:42","slug":"janssen-cosmetics","status":"publish","type":"page","link":"https:\/\/permanentmakeup.cz\/en\/kosmetika\/kosmetika-janssen\/","title":{"rendered":"Janssen cosmetics"},"content":{"rendered":"<div class=\"wp-block-image\">\n<figure class=\"alignright size-full is-resized\"><img decoding=\"async\" width=\"1015\" height=\"1920\" src=\"https:\/\/permanentmakeup.cz\/wp-content\/uploads\/2024\/01\/janssen-makeup.webp\" alt=\"\" class=\"wp-image-910\" style=\"width:200px\" srcset=\"https:\/\/permanentmakeup.cz\/wp-content\/uploads\/2024\/01\/janssen-makeup.webp 1015w, https:\/\/permanentmakeup.cz\/wp-content\/uploads\/2024\/01\/janssen-makeup-159x300.webp 159w, https:\/\/permanentmakeup.cz\/wp-content\/uploads\/2024\/01\/janssen-makeup-541x1024.webp 541w, https:\/\/permanentmakeup.cz\/wp-content\/uploads\/2024\/01\/janssen-makeup-768x1453.webp 768w, https:\/\/permanentmakeup.cz\/wp-content\/uploads\/2024\/01\/janssen-makeup-812x1536.webp 812w, https:\/\/permanentmakeup.cz\/wp-content\/uploads\/2024\/01\/janssen-makeup-6x12.webp 6w\" sizes=\"(max-width: 1015px) 100vw, 1015px\" \/><\/figure>\n<\/div>\n\n\n<p>The Janssen cosmetic brand is not one of those that you normally see on the shelves of drugstores, as is usually the case with professional cosmetics. However, if you go to a salon, many will recommend it. It is suitable for all skin types, and even for very problematic skin. It can often deal with dermatitis, i.e. skin inflammation, because the products are at the crossroads of cosmetics and pharmacy. Janssen provides products for all purposes and you will certainly welcome their reasonable prices.<\/p>\n\n\n\n<p>In the new catalogue you will find products for face, lip, d\u00e9collet\u00e9 and body care. They contain all the \"good stuff\" like coconut oil extracts, macadamia oil, hyaluronic acid, seaweed, avocado extracts, fomes mushroom, oat proteins, and we could go on and on. So the skin gets what it really wants and behaves accordingly. You can see the results very soon. Janssen Cosmeceutical's motto is \"We beautify the world\". And I would change it just a little bit: \"We beautify the world and take care of the health of the skin...\". By the way, you can read all the other important information on the website\u00a0<a href=\"https:\/\/www.janssen-beauty.cz\/\" target=\"_blank\" rel=\"noreferrer noopener\">https:\/\/www.janssen-beauty.cz\/<\/a><\/p>","protected":false},"excerpt":{"rendered":"<p>Kosmetick\u00e1 zna\u010dka Janssen nepat\u0159\u00ed mezi ty, se kter\u00fdmi se b\u011b\u017en\u011b setk\u00e1te na pultech drogeri\u00ed, jak u\u017e tomu u profesion\u00e1ln\u00ed kosmetiky b\u00fdv\u00e1. Pokud si v\u0161ak zajdete do sal\u00f3nu, v mnoh\u00fdch v\u00e1m ji doporu\u010d\u00ed. Hod\u00ed se pro v\u0161echny typy pleti, a dokonce i pro ple\u0165 velice problematickou. Porad\u00ed si \u010dasto i s dermatitidou, tedy ko\u017en\u00edmi z\u00e1n\u011bty, proto\u017ee [&hellip;]<\/p>\n","protected":false},"author":1,"featured_media":910,"parent":61,"menu_order":0,"comment_status":"closed","ping_status":"closed","template":"","meta":{"_acf_changed":false,"footnotes":""},"class_list":["post-809","page","type-page","status-publish","has-post-thumbnail","hentry"],"acf":[],"_links":{"self":[{"href":"https:\/\/permanentmakeup.cz\/en\/wp-json\/wp\/v2\/pages\/809","targetHints":{"allow":["GET"]}}],"collection":[{"href":"https:\/\/permanentmakeup.cz\/en\/wp-json\/wp\/v2\/pages"}],"about":[{"href":"https:\/\/permanentmakeup.cz\/en\/wp-json\/wp\/v2\/types\/page"}],"author":[{"embeddable":true,"href":"https:\/\/permanentmakeup.cz\/en\/wp-json\/wp\/v2\/users\/1"}],"replies":[{"embeddable":true,"href":"https:\/\/permanentmakeup.cz\/en\/wp-json\/wp\/v2\/comments?post=809"}],"version-history":[{"count":0,"href":"https:\/\/permanentmakeup.cz\/en\/wp-json\/wp\/v2\/pages\/809\/revisions"}],"up":[{"embeddable":true,"href":"https:\/\/permanentmakeup.cz\/en\/wp-json\/wp\/v2\/pages\/61"}],"wp:featuredmedia":[{"embeddable":true,"href":"https:\/\/permanentmakeup.cz\/en\/wp-json\/wp\/v2\/media\/910"}],"wp:attachment":[{"href":"https:\/\/permanentmakeup.cz\/en\/wp-json\/wp\/v2\/media?parent=809"}],"curies":[{"name":"wp","href":"https:\/\/api.w.org\/{rel}","templated":true}]}}