{"id":732,"date":"2024-01-25T22:07:30","date_gmt":"2024-01-25T21:07:30","guid":{"rendered":"https:\/\/permanentmakeup.cz\/domains\/permanentmakeup.cz\/?page_id=732"},"modified":"2024-01-30T00:21:26","modified_gmt":"2024-01-29T23:21:26","slug":"monochromatic-light-tunnel","status":"publish","type":"page","link":"https:\/\/permanentmakeup.cz\/en\/kosmetika\/monochromaticky-svetelny-tunel\/","title":{"rendered":"Monochromatic light tunnel"},"content":{"rendered":"<h2 class=\"wp-block-heading\">What is monochromatic therapy?<\/h2>\n\n\n\n<p>Monochromatic light therapies are used not only in cosmetics, but even in dermatology and surgery to promote tissue healing. The effectiveness of this physical therapy has been proven in a number of tests.<br>&nbsp;<br>Monochromatic light therapy is also called:<br>- PDT - photodynamic therapy<br>- photodynamic therapy<br>- LED light<br>&nbsp;<br>Monochromatic light devices use special, chip-based technology, the purity of LED beams is more than 99% for red, blue and green light (verified by NAALT and FDA certified). The Omega light tunnel provides pure light for primary colors. RGB combination occurs for other shades.<\/p>\n\n\n\n<p>Proven effective in clinical trials.<\/p>\n\n\n\n<h2 class=\"wp-block-heading\">Omega monochrome tunnel offers<\/h2>\n\n\n<div class=\"wp-block-image\">\n<figure class=\"alignright size-medium\"><img decoding=\"async\" width=\"225\" height=\"300\" src=\"https:\/\/permanentmakeup.cz\/wp-content\/uploads\/2024\/01\/monochromaticky-tunel-225x300.webp\" alt=\"\" class=\"wp-image-738\" srcset=\"https:\/\/permanentmakeup.cz\/wp-content\/uploads\/2024\/01\/monochromaticky-tunel-225x300.webp 225w, https:\/\/permanentmakeup.cz\/wp-content\/uploads\/2024\/01\/monochromaticky-tunel-768x1024.webp 768w, https:\/\/permanentmakeup.cz\/wp-content\/uploads\/2024\/01\/monochromaticky-tunel-1152x1536.webp 1152w, https:\/\/permanentmakeup.cz\/wp-content\/uploads\/2024\/01\/monochromaticky-tunel.webp 1440w\" sizes=\"(max-width: 225px) 100vw, 225px\" \/><figcaption class=\"wp-element-caption\">Omega monochrome tunnel<\/figcaption><\/figure>\n<\/div>\n\n\n<ul class=\"wp-block-list\">\n<li>increase the effects of classic cosmetic treatments<\/li>\n\n\n\n<li>faster recovery after needle mesotherapy&nbsp;<\/li>\n\n\n\n<li>excellent combination with BB Glow&nbsp;<\/li>\n<\/ul>\n\n\n\n<h4 class=\"wp-block-heading\">Red light 630 - 635 nm<\/h4>\n\n\n\n<p>improves blood circulation, skin elasticity and its overall condition, removes wrinkles, helps heal damaged skin after injuries, reduces pores and also significantly increases collagen production; among other things, it helps with a \"tired\" face.<\/p>\n\n\n\n<h4 class=\"wp-block-heading\">Blue light 400 - 470 nm<\/h4>\n\n\n\n<p>antibacterial ( = disinfectant ) against bacteria (Porphyrins) in the skin - ideal for the treatment of acne (acne vulgaris). At the same time it is effective on sensitive skin. Acts against \"inflamed\" skin (redness), also improves the condition of acne scars. In most clients it can reduce the appearance of acne by 50-60% in a very short time.<\/p>\n\n\n\n<h4 class=\"wp-block-heading\">Green light 525 - 548 nm<\/h4>\n\n\n\n<p>can balance the ratio of pigment in the skin, \"age spots\", reduces fine wrinkles, nourishes aging skin, helps restore cellular stability and balance metabolism. It also helps pale, grey or yellowish skin, hair growth - it has a positive effect on hair roots, counteracts hair fall in women and men. It also has healing effects.<\/p>\n\n\n\n<h4 class=\"wp-block-heading\">Yellow light 560 - 590 nm<\/h4>\n\n\n\n<p>improvement of microcirculation, vascular problems, helps \"cellular respiration\", supports cellular immunity, detoxifies. It also promotes skin cell regeneration and reduces redness. It is often used in depigmentation treatments.&nbsp;<\/p>\n\n\n\n<h4 class=\"wp-block-heading\">Violet light 410 nm<\/h4>\n\n\n\n<p>helps in the treatment of rosacea or acne, can also soften scars and redness after acne<\/p>","protected":false},"excerpt":{"rendered":"<p>Co je monochromatick\u00e1 terapie? Monochromatick\u00e1 sv\u011bteln\u00e1 terapie se vyu\u017e\u00edvaj\u00ed nejen v kosmetice, ale dokonce i v dermatologii a chirurgii coby podpora hojen\u00ed tk\u00e1n\u00ed. \u0158adou test\u016f byla prok\u00e1z\u00e1na \u00fa\u010dinnost t\u00e9to fyzik\u00e1ln\u00ed terapie.&nbsp;Monochromatick\u00e1 sv\u011bteln\u00e1 terapie se tak\u00e9 naz\u00fdv\u00e1:\u2022 PDT &#8211;&nbsp;photodynamic therapy\u2022 fotodynamick\u00e1 terapie\u2022 LED sv\u011btlo&nbsp;Monochromatick\u00e9 sv\u011bteln\u00e9 p\u0159\u00edstroje vyu\u017e\u00edvaj\u00ed speci\u00e1ln\u00ed, \u010dipov\u00e9 technologie, \u010distota LED paprsk\u016f je v\u00edce ne\u017e [&hellip;]<\/p>\n","protected":false},"author":1,"featured_media":738,"parent":61,"menu_order":0,"comment_status":"closed","ping_status":"closed","template":"","meta":{"_acf_changed":false,"footnotes":""},"class_list":["post-732","page","type-page","status-publish","has-post-thumbnail","hentry"],"acf":[],"_links":{"self":[{"href":"https:\/\/permanentmakeup.cz\/en\/wp-json\/wp\/v2\/pages\/732","targetHints":{"allow":["GET"]}}],"collection":[{"href":"https:\/\/permanentmakeup.cz\/en\/wp-json\/wp\/v2\/pages"}],"about":[{"href":"https:\/\/permanentmakeup.cz\/en\/wp-json\/wp\/v2\/types\/page"}],"author":[{"embeddable":true,"href":"https:\/\/permanentmakeup.cz\/en\/wp-json\/wp\/v2\/users\/1"}],"replies":[{"embeddable":true,"href":"https:\/\/permanentmakeup.cz\/en\/wp-json\/wp\/v2\/comments?post=732"}],"version-history":[{"count":0,"href":"https:\/\/permanentmakeup.cz\/en\/wp-json\/wp\/v2\/pages\/732\/revisions"}],"up":[{"embeddable":true,"href":"https:\/\/permanentmakeup.cz\/en\/wp-json\/wp\/v2\/pages\/61"}],"wp:featuredmedia":[{"embeddable":true,"href":"https:\/\/permanentmakeup.cz\/en\/wp-json\/wp\/v2\/media\/738"}],"wp:attachment":[{"href":"https:\/\/permanentmakeup.cz\/en\/wp-json\/wp\/v2\/media?parent=732"}],"curies":[{"name":"wp","href":"https:\/\/api.w.org\/{rel}","templated":true}]}}