{"id":299,"date":"2024-01-15T21:53:24","date_gmt":"2024-01-15T21:53:24","guid":{"rendered":"https:\/\/permanentmakeup.cz\/domains\/permanentmakeup.cz\/?page_id=299"},"modified":"2024-01-26T22:01:14","modified_gmt":"2024-01-26T21:01:14","slug":"about-me","status":"publish","type":"page","link":"https:\/\/permanentmakeup.cz\/en\/o-mne\/","title":{"rendered":"About me"},"content":{"rendered":"<p>I opened my first studio in 2005. Back then I was doing cosmetics, makeup and nail design. I did makeup for fashion shows, photo shoots, weddings and proms. Over time, I fell in love with permanent makeup and it, along with cosmetics, became my main activities, which I still do to this day. I go to training courses, both domestic and international, I follow what's new on the market and I try to choose the best for my clients as if I were choosing it for myself. Everything I work with, I have tested on myself.<\/p>\n\n\n\n<p>I am of the opinion that the basis for every woman ( but also men ) should be healthy and properly treated skin. Only then should everything else come into play, such as botox, hyaluronic acid fillers, and similar treatments. We all want to be beautiful and we all have similar problems: acne in our youth, then wrinkles, sensitive skin, not growing eyebrows, etc. I've been helping clients for many years, and based on my own experience, to smile back, like themselves and feel more confident. And when I succeed, I know my work is meaningful.<\/p>\n\n\n\n<p>I can speak Czech, English and German. <a href=\"\/en\/about-me\/#certifikaty\">My certification<\/a>.<\/p>","protected":false},"excerpt":{"rendered":"<p>Sv\u00e9 prvn\u00ed studio jsem otev\u0159ela v roce 2005. Tehdy jsem se v\u011bnovala kosmetice, l\u00ed\u010den\u00ed a nehtov\u00e9mu designu. L\u00ed\u010dila jsem m\u00f3dn\u00ed p\u0159ehl\u00eddky, focen\u00ed, svatby a maturitn\u00ed plesy. Postupem \u010dasu jsem se zamilovala do permanentn\u00edho make-upu a ten se spolu s kosmetikou staly m\u00fdmi hlavn\u00edmi \u010dinnostmi, kter\u00fdm se dodnes naplno v\u011bnuji. Jezd\u00edm na \u0161kolen\u00ed, tuzemsk\u00e1 i zahrani\u010dn\u00ed, [&hellip;]<\/p>\n","protected":false},"author":1,"featured_media":233,"parent":0,"menu_order":0,"comment_status":"closed","ping_status":"closed","template":"","meta":{"_acf_changed":false,"footnotes":""},"class_list":["post-299","page","type-page","status-publish","has-post-thumbnail","hentry"],"acf":[],"_links":{"self":[{"href":"https:\/\/permanentmakeup.cz\/en\/wp-json\/wp\/v2\/pages\/299","targetHints":{"allow":["GET"]}}],"collection":[{"href":"https:\/\/permanentmakeup.cz\/en\/wp-json\/wp\/v2\/pages"}],"about":[{"href":"https:\/\/permanentmakeup.cz\/en\/wp-json\/wp\/v2\/types\/page"}],"author":[{"embeddable":true,"href":"https:\/\/permanentmakeup.cz\/en\/wp-json\/wp\/v2\/users\/1"}],"replies":[{"embeddable":true,"href":"https:\/\/permanentmakeup.cz\/en\/wp-json\/wp\/v2\/comments?post=299"}],"version-history":[{"count":0,"href":"https:\/\/permanentmakeup.cz\/en\/wp-json\/wp\/v2\/pages\/299\/revisions"}],"wp:featuredmedia":[{"embeddable":true,"href":"https:\/\/permanentmakeup.cz\/en\/wp-json\/wp\/v2\/media\/233"}],"wp:attachment":[{"href":"https:\/\/permanentmakeup.cz\/en\/wp-json\/wp\/v2\/media?parent=299"}],"curies":[{"name":"wp","href":"https:\/\/api.w.org\/{rel}","templated":true}]}}