{"id":241,"date":"2024-01-15T16:52:12","date_gmt":"2024-01-15T16:52:12","guid":{"rendered":"https:\/\/permanentmakeup.cz\/domains\/permanentmakeup.cz\/?page_id=241"},"modified":"2024-01-30T11:58:43","modified_gmt":"2024-01-30T10:58:43","slug":"lips","status":"publish","type":"page","link":"https:\/\/permanentmakeup.cz\/en\/permanentni-make-up\/rty\/","title":{"rendered":"Permanent lips make-up"},"content":{"rendered":"<p>See how permanent lip make-up works in the video:<\/p>\n\n\n\n<div class=\"wp-block-columns is-layout-flex wp-container-core-columns-is-layout-9d6595d7 wp-block-columns-is-layout-flex\">\n<div class=\"wp-block-column is-layout-flow wp-block-column-is-layout-flow\">\n<figure class=\"wp-block-video\"><video height=\"480\" style=\"aspect-ratio: 848 \/ 480;\" width=\"848\" controls src=\"https:\/\/permanentmakeup.cz\/wp-content\/uploads\/2024\/01\/permanentni-makeup-rtu-video.mp4\"><\/video><\/figure>\n<\/div>\n\n\n\n<div class=\"wp-block-column is-layout-flow wp-block-column-is-layout-flow\"><\/div>\n<\/div>\n\n\n\n<h3 class=\"wp-block-heading\">Permanent lips - recommended care<\/h3>\n\n\n\n<p>After the procedure, the client leaves with her lips treated. Afterwards, the lips area needs to be lubricated every day ( preferably 3 times ), but with all perms, the less the better. The client must lubricate, but with little amount and always with a cotton bud. Never with your fingers, because it is a wound, that can easily be contaminated by careless handling.<\/p>\n\n\n<div class=\"wp-block-image\">\n<figure class=\"alignright size-full is-resized\"><img decoding=\"async\" width=\"1920\" height=\"1920\" src=\"https:\/\/permanentmakeup.cz\/wp-content\/uploads\/2024\/01\/permanent-rty-ceske-budejovice.webp\" alt=\"\" class=\"wp-image-817\" style=\"width:300px\" srcset=\"https:\/\/permanentmakeup.cz\/wp-content\/uploads\/2024\/01\/permanent-rty-ceske-budejovice.webp 1920w, https:\/\/permanentmakeup.cz\/wp-content\/uploads\/2024\/01\/permanent-rty-ceske-budejovice-300x300.webp 300w, https:\/\/permanentmakeup.cz\/wp-content\/uploads\/2024\/01\/permanent-rty-ceske-budejovice-1024x1024.webp 1024w, https:\/\/permanentmakeup.cz\/wp-content\/uploads\/2024\/01\/permanent-rty-ceske-budejovice-150x150.webp 150w, https:\/\/permanentmakeup.cz\/wp-content\/uploads\/2024\/01\/permanent-rty-ceske-budejovice-768x768.webp 768w, https:\/\/permanentmakeup.cz\/wp-content\/uploads\/2024\/01\/permanent-rty-ceske-budejovice-1536x1536.webp 1536w, https:\/\/permanentmakeup.cz\/wp-content\/uploads\/2024\/01\/permanent-rty-ceske-budejovice-12x12.webp 12w\" sizes=\"(max-width: 1920px) 100vw, 1920px\" \/><figcaption class=\"wp-element-caption\">An example of my client's permanent lip make-up<\/figcaption><\/figure>\n<\/div>\n\n\n<p>Lips ( like other permanents ) need to be cared for for about 7-10 days. During this time, nothing other than the recommended Vaseline or ointment should be allowed on the lips. The client must be careful when washing her hair and face that no water gets on her lips. Of course, she may use creams and make-up as she likes, but the lip area should always be left out. For the first 3 days, it is recommended to drink through a straw and to open her mouth more when eating, so that she touches the tattooed area as little as possible. The lips start to peel off earlier than the eyebrows. This is due to more movement and softer skin. After peeling, the lips will definitely look very light. For the next 3 weeks, the colour works its way into the skin and settles down to a certain intensity. Therefore, the client will not see the result of the first application until approximately 4 weeks.<\/p>\n\n\n\n<p>After the application, it is not recommended to play sports for a week ( due to sweating ) and it is also necessary to avoid swimming pool, sauna and solarium. In summer, fresh perm should be protected from direct sunlight. This does not mean that permanent make-up is not done in summer. There are many countries in the world where it is summer all year round and perms are of course applied there. However, there are limitations to be considered, so don't plan your application immediately before a seaside or mountain holiday or a spa break.<\/p>\n\n\n\n<p><\/p>","protected":false},"excerpt":{"rendered":"<p>Jak prob\u00edh\u00e1 permanentn\u00ed make-up rt\u016f se pod\u00edvejte na videu: Permanent rt\u016f &#8211; doporu\u010den\u00e1 p\u00e9\u010de Po z\u00e1kroku odch\u00e1z\u00ed klientka s o\u0161et\u0159en\u00fdmi rty. Pot\u00e9 je pot\u0159eba m\u00edsto mazat ka\u017ed\u00fd den ( nejl\u00e9pe 3kr\u00e1t ), ale u v\u0161ech permanent\u016f plat\u00ed, \u010d\u00edm m\u00e9n\u011b, t\u00edm v\u00edce. Mazat klientka mus\u00ed, ale opravdu velmi mal\u00fdm mno\u017estv\u00edm a v\u017edy vatovou ty\u010dinkou. Nikdy prsty, [&hellip;]<\/p>\n","protected":false},"author":1,"featured_media":938,"parent":59,"menu_order":0,"comment_status":"closed","ping_status":"closed","template":"","meta":{"_acf_changed":false,"footnotes":""},"class_list":["post-241","page","type-page","status-publish","has-post-thumbnail","hentry"],"acf":[],"_links":{"self":[{"href":"https:\/\/permanentmakeup.cz\/en\/wp-json\/wp\/v2\/pages\/241","targetHints":{"allow":["GET"]}}],"collection":[{"href":"https:\/\/permanentmakeup.cz\/en\/wp-json\/wp\/v2\/pages"}],"about":[{"href":"https:\/\/permanentmakeup.cz\/en\/wp-json\/wp\/v2\/types\/page"}],"author":[{"embeddable":true,"href":"https:\/\/permanentmakeup.cz\/en\/wp-json\/wp\/v2\/users\/1"}],"replies":[{"embeddable":true,"href":"https:\/\/permanentmakeup.cz\/en\/wp-json\/wp\/v2\/comments?post=241"}],"version-history":[{"count":2,"href":"https:\/\/permanentmakeup.cz\/en\/wp-json\/wp\/v2\/pages\/241\/revisions"}],"predecessor-version":[{"id":1056,"href":"https:\/\/permanentmakeup.cz\/en\/wp-json\/wp\/v2\/pages\/241\/revisions\/1056"}],"up":[{"embeddable":true,"href":"https:\/\/permanentmakeup.cz\/en\/wp-json\/wp\/v2\/pages\/59"}],"wp:featuredmedia":[{"embeddable":true,"href":"https:\/\/permanentmakeup.cz\/en\/wp-json\/wp\/v2\/media\/938"}],"wp:attachment":[{"href":"https:\/\/permanentmakeup.cz\/en\/wp-json\/wp\/v2\/media?parent=241"}],"curies":[{"name":"wp","href":"https:\/\/api.w.org\/{rel}","templated":true}]}}