{"id":239,"date":"2024-01-15T16:51:35","date_gmt":"2024-01-15T16:51:35","guid":{"rendered":"https:\/\/permanentmakeup.cz\/domains\/permanentmakeup.cz\/?page_id=239"},"modified":"2024-01-30T00:27:23","modified_gmt":"2024-01-29T23:27:23","slug":"eyeliner","status":"publish","type":"page","link":"https:\/\/permanentmakeup.cz\/en\/permanentni-make-up\/ocni-linky\/","title":{"rendered":"Permanent eyeliner make-up"},"content":{"rendered":"<p>I perform permanent make-up of upper and lower eyeliner.<\/p>\n\n\n\n<div class=\"wp-block-columns is-layout-flex wp-container-core-columns-is-layout-9d6595d7 wp-block-columns-is-layout-flex\">\n<div class=\"wp-block-column is-layout-flow wp-block-column-is-layout-flow\">\n<figure class=\"wp-block-gallery has-nested-images columns-2 is-cropped wp-block-gallery-1 is-layout-flex wp-block-gallery-is-layout-flex\">\n<figure class=\"wp-block-image size-large\"><img decoding=\"async\" width=\"773\" height=\"773\" data-id=\"888\" src=\"https:\/\/permanentmakeup.cz\/wp-content\/uploads\/2024\/01\/ocni-linky-4.webp\" alt=\"\" class=\"wp-image-888\" srcset=\"https:\/\/permanentmakeup.cz\/wp-content\/uploads\/2024\/01\/ocni-linky-4.webp 773w, https:\/\/permanentmakeup.cz\/wp-content\/uploads\/2024\/01\/ocni-linky-4-300x300.webp 300w, https:\/\/permanentmakeup.cz\/wp-content\/uploads\/2024\/01\/ocni-linky-4-150x150.webp 150w, https:\/\/permanentmakeup.cz\/wp-content\/uploads\/2024\/01\/ocni-linky-4-768x768.webp 768w, https:\/\/permanentmakeup.cz\/wp-content\/uploads\/2024\/01\/ocni-linky-4-12x12.webp 12w\" sizes=\"(max-width: 773px) 100vw, 773px\" \/><\/figure>\n\n\n\n<figure class=\"wp-block-image size-large\"><img decoding=\"async\" width=\"1024\" height=\"1024\" data-id=\"889\" src=\"https:\/\/permanentmakeup.cz\/wp-content\/uploads\/2024\/01\/ocni-linky-1-1024x1024.webp\" alt=\"\" class=\"wp-image-889\" srcset=\"https:\/\/permanentmakeup.cz\/wp-content\/uploads\/2024\/01\/ocni-linky-1-1024x1024.webp 1024w, https:\/\/permanentmakeup.cz\/wp-content\/uploads\/2024\/01\/ocni-linky-1-300x300.webp 300w, https:\/\/permanentmakeup.cz\/wp-content\/uploads\/2024\/01\/ocni-linky-1-150x150.webp 150w, https:\/\/permanentmakeup.cz\/wp-content\/uploads\/2024\/01\/ocni-linky-1-768x768.webp 768w, https:\/\/permanentmakeup.cz\/wp-content\/uploads\/2024\/01\/ocni-linky-1-1536x1536.webp 1536w, https:\/\/permanentmakeup.cz\/wp-content\/uploads\/2024\/01\/ocni-linky-1-12x12.webp 12w, https:\/\/permanentmakeup.cz\/wp-content\/uploads\/2024\/01\/ocni-linky-1.webp 1920w\" sizes=\"(max-width: 1024px) 100vw, 1024px\" \/><\/figure>\n\n\n\n<figure class=\"wp-block-image size-large\"><img decoding=\"async\" width=\"1024\" height=\"1024\" data-id=\"891\" src=\"https:\/\/permanentmakeup.cz\/wp-content\/uploads\/2024\/01\/ocni-linky-2-1024x1024.webp\" alt=\"\" class=\"wp-image-891\" srcset=\"https:\/\/permanentmakeup.cz\/wp-content\/uploads\/2024\/01\/ocni-linky-2-1024x1024.webp 1024w, https:\/\/permanentmakeup.cz\/wp-content\/uploads\/2024\/01\/ocni-linky-2-300x300.webp 300w, https:\/\/permanentmakeup.cz\/wp-content\/uploads\/2024\/01\/ocni-linky-2-150x150.webp 150w, https:\/\/permanentmakeup.cz\/wp-content\/uploads\/2024\/01\/ocni-linky-2-768x768.webp 768w, https:\/\/permanentmakeup.cz\/wp-content\/uploads\/2024\/01\/ocni-linky-2-1536x1536.webp 1536w, https:\/\/permanentmakeup.cz\/wp-content\/uploads\/2024\/01\/ocni-linky-2-12x12.webp 12w, https:\/\/permanentmakeup.cz\/wp-content\/uploads\/2024\/01\/ocni-linky-2.webp 1626w\" sizes=\"(max-width: 1024px) 100vw, 1024px\" \/><\/figure>\n\n\n\n<figure class=\"wp-block-image size-large\"><img decoding=\"async\" width=\"1024\" height=\"1024\" data-id=\"893\" src=\"https:\/\/permanentmakeup.cz\/wp-content\/uploads\/2024\/01\/ocni-linky-3-1024x1024.webp\" alt=\"\" class=\"wp-image-893\" srcset=\"https:\/\/permanentmakeup.cz\/wp-content\/uploads\/2024\/01\/ocni-linky-3-1024x1024.webp 1024w, https:\/\/permanentmakeup.cz\/wp-content\/uploads\/2024\/01\/ocni-linky-3-300x300.webp 300w, https:\/\/permanentmakeup.cz\/wp-content\/uploads\/2024\/01\/ocni-linky-3-150x150.webp 150w, https:\/\/permanentmakeup.cz\/wp-content\/uploads\/2024\/01\/ocni-linky-3-768x767.webp 768w, https:\/\/permanentmakeup.cz\/wp-content\/uploads\/2024\/01\/ocni-linky-3-12x12.webp 12w, https:\/\/permanentmakeup.cz\/wp-content\/uploads\/2024\/01\/ocni-linky-3.webp 1440w\" sizes=\"(max-width: 1024px) 100vw, 1024px\" \/><\/figure>\n<figcaption class=\"blocks-gallery-caption wp-element-caption\">Sample of my work \u2500 permanent eyeliner make-up<\/figcaption><\/figure>\n<\/div>\n\n\n\n<div class=\"wp-block-column is-layout-flow wp-block-column-is-layout-flow\">\n<figure class=\"wp-block-video\"><video height=\"720\" style=\"aspect-ratio: 720 \/ 720;\" width=\"720\" controls loop muted src=\"https:\/\/permanentmakeup.cz\/wp-content\/uploads\/2024\/01\/permanentni-makup-linek-ceske-budejovice.-video.mp4\"><\/video><\/figure>\n<\/div>\n<\/div>\n\n\n\n<h2 class=\"wp-block-heading\">Permanent eyelines - recommended care<\/h2>\n\n\n\n<p>The lines are the only permanent that the client hardly has to take care of. They are not erased, just the tattooed area should be avoided for a week. This means that she must not wear make-up or cream on her eyes for a week, or wash in the traditional way. It's best to take a cotton swab, wet it and wipe the eye.<\/p>\n\n\n\n<p>After the application, it is not recommended to play sports for a week ( due to sweating ) and it is also necessary to avoid swimming pool, sauna and solarium. In summer, fresh perm should be protected from direct sunlight. This does not mean that permanent make-up is not done in summer. There are many countries in the world where it is summer all year round and perms are of course applied there. However, there are limitations to be considered, so don't plan your application immediately before a seaside or mountain holiday or a spa break.<\/p>","protected":false},"excerpt":{"rendered":"<p>Prov\u00e1d\u00edm permanentn\u00ed make-up horn\u00edch a doln\u00edch o\u010dn\u00edch linek. Permanent linky- doporu\u010den\u00e1 p\u00e9\u010de Linky jsou jedin\u00fdm permanentem, o kter\u00fd se klientka nemus\u00ed t\u00e9m\u011b\u0159 starat. Ni\u010d\u00edm se nema\u017eou, jen je pot\u0159eba se vytetovan\u00e9 oblasti t\u00fdden vyh\u00fdbat. Znamen\u00e1 to tedy, \u017ee t\u00fdden si nesm\u00ed l\u00ed\u010dit ani kr\u00e9movat o\u010di a ani nem\u00fdt klasick\u00fdm zp\u016fsobem. Nejlep\u0161\u00ed je vz\u00edt vatovou ty\u010dinku, [&hellip;]<\/p>\n","protected":false},"author":1,"featured_media":939,"parent":59,"menu_order":0,"comment_status":"closed","ping_status":"closed","template":"","meta":{"_acf_changed":false,"footnotes":""},"class_list":["post-239","page","type-page","status-publish","has-post-thumbnail","hentry"],"acf":[],"_links":{"self":[{"href":"https:\/\/permanentmakeup.cz\/en\/wp-json\/wp\/v2\/pages\/239","targetHints":{"allow":["GET"]}}],"collection":[{"href":"https:\/\/permanentmakeup.cz\/en\/wp-json\/wp\/v2\/pages"}],"about":[{"href":"https:\/\/permanentmakeup.cz\/en\/wp-json\/wp\/v2\/types\/page"}],"author":[{"embeddable":true,"href":"https:\/\/permanentmakeup.cz\/en\/wp-json\/wp\/v2\/users\/1"}],"replies":[{"embeddable":true,"href":"https:\/\/permanentmakeup.cz\/en\/wp-json\/wp\/v2\/comments?post=239"}],"version-history":[{"count":0,"href":"https:\/\/permanentmakeup.cz\/en\/wp-json\/wp\/v2\/pages\/239\/revisions"}],"up":[{"embeddable":true,"href":"https:\/\/permanentmakeup.cz\/en\/wp-json\/wp\/v2\/pages\/59"}],"wp:featuredmedia":[{"embeddable":true,"href":"https:\/\/permanentmakeup.cz\/en\/wp-json\/wp\/v2\/media\/939"}],"wp:attachment":[{"href":"https:\/\/permanentmakeup.cz\/en\/wp-json\/wp\/v2\/media?parent=239"}],"curies":[{"name":"wp","href":"https:\/\/api.w.org\/{rel}","templated":true}]}}