{"id":223,"date":"2024-01-15T16:29:57","date_gmt":"2024-01-15T16:29:57","guid":{"rendered":"https:\/\/permanentmakeup.cz\/domains\/permanentmakeup.cz\/?page_id=223"},"modified":"2024-01-30T00:19:01","modified_gmt":"2024-01-29T23:19:01","slug":"hydrodermabrasion","status":"publish","type":"page","link":"https:\/\/permanentmakeup.cz\/en\/kosmetika\/hydrodermabraze\/","title":{"rendered":"Hydrodermabrasion"},"content":{"rendered":"<h2 class=\"wp-block-heading\">What is hydrodermabrasion?<\/h2>\n\n\n<div class=\"wp-block-image\">\n<figure class=\"alignright size-medium\"><img decoding=\"async\" width=\"225\" height=\"300\" src=\"https:\/\/permanentmakeup.cz\/wp-content\/uploads\/2024\/01\/hydrodermabraze-pristroj-hluboka-225x300.webp\" alt=\"Hydrodermabrasion device for cosmetics\" class=\"wp-image-705\" srcset=\"https:\/\/permanentmakeup.cz\/wp-content\/uploads\/2024\/01\/hydrodermabraze-pristroj-hluboka-225x300.webp 225w, https:\/\/permanentmakeup.cz\/wp-content\/uploads\/2024\/01\/hydrodermabraze-pristroj-hluboka.webp 768w\" sizes=\"(max-width: 225px) 100vw, 225px\" \/><figcaption class=\"wp-element-caption\">Hydrodermabrasion device for cosmetics<\/figcaption><\/figure>\n<\/div>\n\n\n<p>The hydrodermabrasion cosmetic procedure is an ideal solution for deep cleansing and intensive hydration of the skin. It is a skin treatment that cleanses, rejuvenates and unifies the skin in colour. This cosmetic hit in the field of rejuvenation by device technique delivers a painless treatment with a unique effect. In addition to removing dead and corroded skin, it also removes all impurities including make-up residue. After cleansing, moisturizing and nourishing cosmetic products are applied to the skin.<\/p>\n\n\n\n<h3 class=\"wp-block-heading\">The course of the hydrodermabrasion procedure<\/h3>\n\n\n\n<p>The unique technology allows for deep pore cleansing, dissolves and literally sucks out impurities and sebaceous plugs and perfectly softens the skin. Pores remain clean. The unique hydro-dermabrasive attachment jets a narrow stream of water while cleansing the skin with high-speed vacuum suction. The beautician swipes the special attachment over the face. Meanwhile, the liquid moisturises the skin. The main advantage of the device is its gentleness. It uses only water or serum according to your skin.<\/p>\n\n\n\n<h3 class=\"wp-block-heading\">Principle and effects of hydradermabrasion treatment<\/h3>\n\n\n\n<p>You don't need to prepare for the treatment, you can even pop in during your lunch break. Other advantages include the length of the treatment. The treatment only takes about 30 minutes, but when performed regularly, it produces visible and lasting results. This beauty treatment has a great effect, it will stimulate collagen production and can cleanse, exfoliate and hydrate the skin in a single treatment. The skin will be taut, clean, fresh and youthful. It is applied to the face, neck and d\u00e9collet\u00e9 area.<\/p>\n\n\n\n<h2 class=\"wp-block-heading\">When to use hydrodermabrasion<\/h2>\n\n\n\n<p>Hydrodermabrasion helps to solve problems related to:<\/p>\n\n\n\n<ul class=\"wp-block-list\">\n<li>sun damage and skin hyperpigmentation<\/li>\n\n\n\n<li>smoothes fine lines and wrinkles<\/li>\n\n\n\n<li>reduces sebum on oily skin<\/li>\n\n\n\n<li>reduces enlarged pores hydrates<\/li>\n\n\n\n<li>rejuvenates the skin<\/li>\n<\/ul>\n\n\n\n<p>For small scars, painless diamond dermabrasion can be used to remove dead cells and impurities with a special diamond grinder. The treatment is suitable for all skin types and age groups. Due to its non-invasiveness and painlessness, it is tolerated by teenagers and adults alike.<\/p>","protected":false},"excerpt":{"rendered":"<p>Co je hydrodermabraze? Kosmetick\u00e1 procedura hydrodermabraze je ide\u00e1ln\u00edm \u0159e\u0161en\u00edm p\u0159\u00edstrojem pro hloubkov\u00e9 \u010di\u0161t\u011bn\u00ed pleti a jej\u00ed intenzivn\u00ed hydrataci. Jedn\u00e1 se o o\u0161et\u0159en\u00ed pleti, kter\u00e9 ji vy\u010dist\u00ed, omlad\u00ed a barevn\u011b sjednot\u00ed. Tento kosmetick\u00fd hit v oblasti omlazov\u00e1n\u00ed p\u0159\u00edstrojovou technikou p\u0159in\u00e1\u0161\u00ed nebolestiv\u00e9 o\u0161et\u0159en\u00ed s unik\u00e1tn\u00edm \u00fa\u010dinkem. Krom\u011b odstran\u011bn\u00ed odum\u0159el\u00e9 a zrohovat\u011bl\u00e9 k\u016f\u017ee odstran\u00ed i ve\u0161ker\u00e9 ne\u010distoty v\u010detn\u011b [&hellip;]<\/p>\n","protected":false},"author":1,"featured_media":705,"parent":61,"menu_order":0,"comment_status":"closed","ping_status":"closed","template":"","meta":{"_acf_changed":false,"footnotes":""},"class_list":["post-223","page","type-page","status-publish","has-post-thumbnail","hentry"],"acf":[],"_links":{"self":[{"href":"https:\/\/permanentmakeup.cz\/en\/wp-json\/wp\/v2\/pages\/223","targetHints":{"allow":["GET"]}}],"collection":[{"href":"https:\/\/permanentmakeup.cz\/en\/wp-json\/wp\/v2\/pages"}],"about":[{"href":"https:\/\/permanentmakeup.cz\/en\/wp-json\/wp\/v2\/types\/page"}],"author":[{"embeddable":true,"href":"https:\/\/permanentmakeup.cz\/en\/wp-json\/wp\/v2\/users\/1"}],"replies":[{"embeddable":true,"href":"https:\/\/permanentmakeup.cz\/en\/wp-json\/wp\/v2\/comments?post=223"}],"version-history":[{"count":0,"href":"https:\/\/permanentmakeup.cz\/en\/wp-json\/wp\/v2\/pages\/223\/revisions"}],"up":[{"embeddable":true,"href":"https:\/\/permanentmakeup.cz\/en\/wp-json\/wp\/v2\/pages\/61"}],"wp:featuredmedia":[{"embeddable":true,"href":"https:\/\/permanentmakeup.cz\/en\/wp-json\/wp\/v2\/media\/705"}],"wp:attachment":[{"href":"https:\/\/permanentmakeup.cz\/en\/wp-json\/wp\/v2\/media?parent=223"}],"curies":[{"name":"wp","href":"https:\/\/api.w.org\/{rel}","templated":true}]}}