{"id":742,"date":"2024-01-25T22:34:08","date_gmt":"2024-01-25T21:34:08","guid":{"rendered":"https:\/\/permanentmakeup.cz\/domains\/permanentmakeup.cz\/?page_id=742"},"modified":"2024-01-30T00:21:32","modified_gmt":"2024-01-29T23:21:32","slug":"mesobotox","status":"publish","type":"page","link":"https:\/\/permanentmakeup.cz\/de\/kosmetika\/mesobotox\/","title":{"rendered":"Mesobotox"},"content":{"rendered":"<h2 class=\"wp-block-heading\">Was ist Mesobotox?<\/h2>\n\n\n\n<p><strong>Mesobotox ist eine innovative Technik<\/strong>die Elektroporation und eine hohe Argilerin-Mischung verwendet, um Falten und Mimikfalten ohne den Einsatz von Nadeln zu gl\u00e4tten und die m\u00f6glichen Nebenwirkungen des als Botox bekannten Botulinumtoxins zu vermeiden. Argilerin \/Acetylhexapeptid\/ ist ein patentierter Wirkstoff, der nach demselben Mechanismus wie Botox wirkt, aber im Gegensatz zu Botox viel wirksamer und sanfter ist. Andere Wirkstoffe wie Hyalurons\u00e4ure, Kollagen, Tensine und Polylift spenden der Haut Feuchtigkeit, Festigkeit und Elastizit\u00e4t.<\/p>\n\n\n\n<p><strong>Die Behandlung dauert 45 Minuten<\/strong>Dabei wird ein Peeling mit AHA-Fruchts\u00e4uren durchgef\u00fchrt, das das Eindringen der Wirkstoffe erleichtert, die wir mit der Elektroporationstechnik auftragen. Die Ergebnisse sind bereits nach der ersten Sitzung sichtbar, aber die deutlichsten Ergebnisse werden nach der dritten oder vierten Behandlung erzielt. Es wird empfohlen, 4-6 Behandlungen durchzuf\u00fchren, um ausgezeichnete Ergebnisse zu erzielen. Zwischen den Behandlungen sollte ein Abstand von 7-10 Tagen eingehalten werden.<\/p>\n\n\n\n<p>Die Behandlung kann bei jedem gesunden Hauttyp durchgef\u00fchrt werden. Dank der sicheren und sanften Anwendung ohne Injektionen ist das Risiko von Nebenwirkungen nahezu vernachl\u00e4ssigbar.<\/p>\n\n\n\n<h3 class=\"wp-block-heading\">Wof\u00fcr wird Mesobotox verwendet?<\/h3>\n\n\n\n<ul class=\"wp-block-list\">\n<li>Schmerzfreie Anwendung<\/li>\n\n\n\n<li>Beseitigt Laxheit<\/li>\n\n\n\n<li>Gl\u00e4ttet Falten<\/li>\n<\/ul>\n\n\n\n<p>Franz\u00f6sische Nachrichten!<br>Der neueste Weg, um Gesichtsfalten langfristig loszuwerden!<br>Revolution\u00e4re nicht-invasive Behandlung ohne Injektionen und Nebenwirkungen!<\/p>\n\n\n\n<h2 class=\"wp-block-heading\">Botulinum-Ampullen<\/h2>\n\n\n<div class=\"wp-block-image\">\n<figure class=\"alignright size-medium\"><img decoding=\"async\" width=\"225\" height=\"300\" src=\"https:\/\/permanentmakeup.cz\/wp-content\/uploads\/2024\/01\/botulinove_ampule-225x300.webp\" alt=\"\" class=\"wp-image-746\" srcset=\"https:\/\/permanentmakeup.cz\/wp-content\/uploads\/2024\/01\/botulinove_ampule-225x300.webp 225w, https:\/\/permanentmakeup.cz\/wp-content\/uploads\/2024\/01\/botulinove_ampule.webp 768w\" sizes=\"(max-width: 225px) 100vw, 225px\" \/><figcaption class=\"wp-element-caption\">Botulinum-Ampullen<\/figcaption><\/figure>\n<\/div>\n\n\n<p>Botulinum-Ampullen, die die Substanz Botalinum enthalten, sind dank des Algenextrakts das so genannte \"nat\u00fcrliche Botox\".<br>Bei regelm\u00e4\u00dfiger Anwendung verleiht es der Haut ein straffes Aussehen. Gew\u00e4hrleistet die Hydratation der Haut bis zu einer Tiefe von 0,5 mm. Gereinigtes Wasser 0%! Mehr als 50% Hyalurons\u00e4ure, Centella Asiatica-Blattextrakt, der eine hervorragende regenerative Wirkung hat. Signifikanter Lifting-Effekt!<\/p>","protected":false},"excerpt":{"rendered":"<p>Co je Mesobotox? Mesobotox je inovativn\u00ed technika, kter\u00e1 za pou\u017eit\u00ed elektroporace a sm\u011bsi s vysok\u00fdm obsahem slo\u017eky Argilerine vyhlazuje vr\u00e1sky a v\u00fdrazov\u00e9 linie bez pou\u017eit\u00ed jehel a p\u0159edch\u00e1z\u00ed p\u0159\u00edpadn\u00fdm ne\u017e\u00e1douc\u00edm \u00fa\u010dink\u016fm botulotoxinu zn\u00e1m\u00e9ho jako Botox. Argilerine \/acetyl hexapeptid\/ je patentovan\u00e1 aktivn\u00ed l\u00e1tka, kter\u00e1 p\u016fsob\u00ed stejn\u00fdm mechanismem jako Botox, ale na rozd\u00edl od p\u0159\u00edpravku Botox je [&hellip;]<\/p>\n","protected":false},"author":1,"featured_media":745,"parent":61,"menu_order":0,"comment_status":"closed","ping_status":"closed","template":"","meta":{"_acf_changed":false,"footnotes":""},"class_list":["post-742","page","type-page","status-publish","has-post-thumbnail","hentry"],"acf":[],"_links":{"self":[{"href":"https:\/\/permanentmakeup.cz\/de\/wp-json\/wp\/v2\/pages\/742","targetHints":{"allow":["GET"]}}],"collection":[{"href":"https:\/\/permanentmakeup.cz\/de\/wp-json\/wp\/v2\/pages"}],"about":[{"href":"https:\/\/permanentmakeup.cz\/de\/wp-json\/wp\/v2\/types\/page"}],"author":[{"embeddable":true,"href":"https:\/\/permanentmakeup.cz\/de\/wp-json\/wp\/v2\/users\/1"}],"replies":[{"embeddable":true,"href":"https:\/\/permanentmakeup.cz\/de\/wp-json\/wp\/v2\/comments?post=742"}],"version-history":[{"count":0,"href":"https:\/\/permanentmakeup.cz\/de\/wp-json\/wp\/v2\/pages\/742\/revisions"}],"up":[{"embeddable":true,"href":"https:\/\/permanentmakeup.cz\/de\/wp-json\/wp\/v2\/pages\/61"}],"wp:featuredmedia":[{"embeddable":true,"href":"https:\/\/permanentmakeup.cz\/de\/wp-json\/wp\/v2\/media\/745"}],"wp:attachment":[{"href":"https:\/\/permanentmakeup.cz\/de\/wp-json\/wp\/v2\/media?parent=742"}],"curies":[{"name":"wp","href":"https:\/\/api.w.org\/{rel}","templated":true}]}}