{"id":732,"date":"2024-01-25T22:07:30","date_gmt":"2024-01-25T21:07:30","guid":{"rendered":"https:\/\/permanentmakeup.cz\/domains\/permanentmakeup.cz\/?page_id=732"},"modified":"2024-01-30T00:21:26","modified_gmt":"2024-01-29T23:21:26","slug":"monochromatischer-lichttunnel","status":"publish","type":"page","link":"https:\/\/permanentmakeup.cz\/de\/kosmetika\/monochromaticky-svetelny-tunel\/","title":{"rendered":"Monochromatischer Lichttunnel"},"content":{"rendered":"<h2 class=\"wp-block-heading\">Was ist eine monochromatische Therapie?<\/h2>\n\n\n\n<p>Monochromatische Lichttherapien werden nicht nur in der Kosmetik, sondern auch in der Dermatologie und Chirurgie eingesetzt, um die Heilung von Gewebe zu f\u00f6rdern. Die Wirksamkeit dieser physikalischen Therapie wurde in einer Reihe von Tests nachgewiesen.<br>&nbsp;<br>Die monochromatische Lichttherapie wird auch genannt:<br>- PDT - Photodynamische Therapie<br>- photodynamische Therapie<br>- LED-Licht<br>&nbsp;<br>Monochromatische Lichtger\u00e4te verwenden eine spezielle, chipbasierte Technologie, die Reinheit der LED-Strahlen betr\u00e4gt mehr als 99% f\u00fcr rotes, blaues und gr\u00fcnes Licht (gepr\u00fcft durch NAALT und FDA zertifiziert). Der Omega-Lichttunnel liefert reines Licht f\u00fcr die Grundfarben. RGB-Kombination tritt f\u00fcr andere Schattierungen.<\/p>\n\n\n\n<p>In klinischen Studien als wirksam erwiesen.<\/p>\n\n\n\n<h2 class=\"wp-block-heading\">Der Omega-Monochrom-Tunnel bietet<\/h2>\n\n\n<div class=\"wp-block-image\">\n<figure class=\"alignright size-medium\"><img decoding=\"async\" width=\"225\" height=\"300\" src=\"https:\/\/permanentmakeup.cz\/wp-content\/uploads\/2024\/01\/monochromaticky-tunel-225x300.webp\" alt=\"\" class=\"wp-image-738\" srcset=\"https:\/\/permanentmakeup.cz\/wp-content\/uploads\/2024\/01\/monochromaticky-tunel-225x300.webp 225w, https:\/\/permanentmakeup.cz\/wp-content\/uploads\/2024\/01\/monochromaticky-tunel-768x1024.webp 768w, https:\/\/permanentmakeup.cz\/wp-content\/uploads\/2024\/01\/monochromaticky-tunel-1152x1536.webp 1152w, https:\/\/permanentmakeup.cz\/wp-content\/uploads\/2024\/01\/monochromaticky-tunel.webp 1440w\" sizes=\"(max-width: 225px) 100vw, 225px\" \/><figcaption class=\"wp-element-caption\">Omega-Monochrom-Tunnel<\/figcaption><\/figure>\n<\/div>\n\n\n<ul class=\"wp-block-list\">\n<li>die Wirkung klassischer kosmetischer Behandlungen zu verst\u00e4rken<\/li>\n\n\n\n<li>schnellere Erholung nach der Nadelmesotherapie&nbsp;<\/li>\n\n\n\n<li>hervorragende Kombination mit BB Glow&nbsp;<\/li>\n<\/ul>\n\n\n\n<h4 class=\"wp-block-heading\">Rotes Licht 630 - 635 nm<\/h4>\n\n\n\n<p>verbessert die Blutzirkulation, die Elastizit\u00e4t der Haut und ihren Gesamtzustand, beseitigt Falten, hilft bei der Heilung von besch\u00e4digter Haut nach Verletzungen, verkleinert die Poren und steigert die Kollagenproduktion erheblich; es hilft unter anderem bei einem \"m\u00fcden\" Gesicht.<\/p>\n\n\n\n<h4 class=\"wp-block-heading\">Blaues Licht 400 - 470 nm<\/h4>\n\n\n\n<p>antibakteriell ( = desinfizierend ) gegen Bakterien (Porphyrine) in der Haut - ideal zur Behandlung von Akne (Acne vulgaris). Gleichzeitig ist es wirksam bei empfindlicher Haut. Wirkt gegen \"entz\u00fcndete\" Haut (R\u00f6tungen), verbessert auch den Zustand von Aknenarben. Bei den meisten Kunden kann es das Auftreten von Akne um 50-60% in sehr kurzer Zeit reduzieren.<\/p>\n\n\n\n<h4 class=\"wp-block-heading\">Gr\u00fcnes Licht 525 - 548 nm<\/h4>\n\n\n\n<p>kann das Pigmentverh\u00e4ltnis in der Haut, \"Altersflecken\", ausgleichen, reduziert feine F\u00e4ltchen, n\u00e4hrt alternde Haut, hilft, die Zellstabilit\u00e4t wiederherzustellen und den Stoffwechsel auszugleichen. Es hilft auch bei blasser, grauer oder gelblicher Haut, beim Haarwachstum - es hat eine positive Wirkung auf die Haarwurzeln, wirkt dem Haarausfall bei Frauen und M\u00e4nnern entgegen. Es hat auch heilende Wirkung.<\/p>\n\n\n\n<h4 class=\"wp-block-heading\">Gelbes Licht 560 - 590 nm<\/h4>\n\n\n\n<p>Verbesserung der Mikrozirkulation, Gef\u00e4\u00dfprobleme, unterst\u00fctzt die \"Zellatmung\", f\u00f6rdert die zellul\u00e4re Immunit\u00e4t, entgiftet. Es f\u00f6rdert auch die Regeneration der Hautzellen und reduziert R\u00f6tungen. Es wird h\u00e4ufig bei Depigmentierungsbehandlungen eingesetzt.&nbsp;<\/p>\n\n\n\n<h4 class=\"wp-block-heading\">Violettes Licht 410 nm<\/h4>\n\n\n\n<p>hilft bei der Behandlung von Rosazea oder Akne, kann auch Narben und R\u00f6tungen nach Akne mildern<\/p>","protected":false},"excerpt":{"rendered":"<p>Co je monochromatick\u00e1 terapie? Monochromatick\u00e1 sv\u011bteln\u00e1 terapie se vyu\u017e\u00edvaj\u00ed nejen v kosmetice, ale dokonce i v dermatologii a chirurgii coby podpora hojen\u00ed tk\u00e1n\u00ed. \u0158adou test\u016f byla prok\u00e1z\u00e1na \u00fa\u010dinnost t\u00e9to fyzik\u00e1ln\u00ed terapie.&nbsp;Monochromatick\u00e1 sv\u011bteln\u00e1 terapie se tak\u00e9 naz\u00fdv\u00e1:\u2022 PDT &#8211;&nbsp;photodynamic therapy\u2022 fotodynamick\u00e1 terapie\u2022 LED sv\u011btlo&nbsp;Monochromatick\u00e9 sv\u011bteln\u00e9 p\u0159\u00edstroje vyu\u017e\u00edvaj\u00ed speci\u00e1ln\u00ed, \u010dipov\u00e9 technologie, \u010distota LED paprsk\u016f je v\u00edce ne\u017e [&hellip;]<\/p>\n","protected":false},"author":1,"featured_media":738,"parent":61,"menu_order":0,"comment_status":"closed","ping_status":"closed","template":"","meta":{"_acf_changed":false,"footnotes":""},"class_list":["post-732","page","type-page","status-publish","has-post-thumbnail","hentry"],"acf":[],"_links":{"self":[{"href":"https:\/\/permanentmakeup.cz\/de\/wp-json\/wp\/v2\/pages\/732","targetHints":{"allow":["GET"]}}],"collection":[{"href":"https:\/\/permanentmakeup.cz\/de\/wp-json\/wp\/v2\/pages"}],"about":[{"href":"https:\/\/permanentmakeup.cz\/de\/wp-json\/wp\/v2\/types\/page"}],"author":[{"embeddable":true,"href":"https:\/\/permanentmakeup.cz\/de\/wp-json\/wp\/v2\/users\/1"}],"replies":[{"embeddable":true,"href":"https:\/\/permanentmakeup.cz\/de\/wp-json\/wp\/v2\/comments?post=732"}],"version-history":[{"count":0,"href":"https:\/\/permanentmakeup.cz\/de\/wp-json\/wp\/v2\/pages\/732\/revisions"}],"up":[{"embeddable":true,"href":"https:\/\/permanentmakeup.cz\/de\/wp-json\/wp\/v2\/pages\/61"}],"wp:featuredmedia":[{"embeddable":true,"href":"https:\/\/permanentmakeup.cz\/de\/wp-json\/wp\/v2\/media\/738"}],"wp:attachment":[{"href":"https:\/\/permanentmakeup.cz\/de\/wp-json\/wp\/v2\/media?parent=732"}],"curies":[{"name":"wp","href":"https:\/\/api.w.org\/{rel}","templated":true}]}}