{"id":241,"date":"2024-01-15T16:52:12","date_gmt":"2024-01-15T16:52:12","guid":{"rendered":"https:\/\/permanentmakeup.cz\/domains\/permanentmakeup.cz\/?page_id=241"},"modified":"2024-01-30T11:58:43","modified_gmt":"2024-01-30T10:58:43","slug":"lippen","status":"publish","type":"page","link":"https:\/\/permanentmakeup.cz\/de\/permanentni-make-up\/rty\/","title":{"rendered":"Permanentes Lippen-Make-up"},"content":{"rendered":"<p>Sehen Sie im Video, wie Permanent Make-up funktioniert:<\/p>\n\n\n\n<div class=\"wp-block-columns is-layout-flex wp-container-core-columns-is-layout-9d6595d7 wp-block-columns-is-layout-flex\">\n<div class=\"wp-block-column is-layout-flow wp-block-column-is-layout-flow\">\n<figure class=\"wp-block-video\"><video height=\"480\" style=\"aspect-ratio: 848 \/ 480;\" width=\"848\" controls src=\"https:\/\/permanentmakeup.cz\/wp-content\/uploads\/2024\/01\/permanentni-makeup-rtu-video.mp4\"><\/video><\/figure>\n<\/div>\n\n\n\n<div class=\"wp-block-column is-layout-flow wp-block-column-is-layout-flow\"><\/div>\n<\/div>\n\n\n\n<h3 class=\"wp-block-heading\">Dauerhafte Lippe - empfohlene Pflege<\/h3>\n\n\n\n<p>Nach dem Eingriff geht die Kundin mit behandelten Lippen nach Hause. Danach muss der Bereich jeden Tag geschmiert werden (vorzugsweise 3 Mal), aber bei allen Dauerwellen, je weniger, desto besser. Die Kundin muss schmieren, aber wirklich nur sehr wenig und immer mit einem Wattest\u00e4bchen. Niemals mit den Fingern, denn es handelt sich um eine Wunde, die durch unvorsichtige Handhabung leicht verunreinigt werden kann.<\/p>\n\n\n<div class=\"wp-block-image\">\n<figure class=\"alignright size-full is-resized\"><img decoding=\"async\" width=\"1920\" height=\"1920\" src=\"https:\/\/permanentmakeup.cz\/wp-content\/uploads\/2024\/01\/permanent-rty-ceske-budejovice.webp\" alt=\"\" class=\"wp-image-817\" style=\"width:300px\" srcset=\"https:\/\/permanentmakeup.cz\/wp-content\/uploads\/2024\/01\/permanent-rty-ceske-budejovice.webp 1920w, https:\/\/permanentmakeup.cz\/wp-content\/uploads\/2024\/01\/permanent-rty-ceske-budejovice-300x300.webp 300w, https:\/\/permanentmakeup.cz\/wp-content\/uploads\/2024\/01\/permanent-rty-ceske-budejovice-1024x1024.webp 1024w, https:\/\/permanentmakeup.cz\/wp-content\/uploads\/2024\/01\/permanent-rty-ceske-budejovice-150x150.webp 150w, https:\/\/permanentmakeup.cz\/wp-content\/uploads\/2024\/01\/permanent-rty-ceske-budejovice-768x768.webp 768w, https:\/\/permanentmakeup.cz\/wp-content\/uploads\/2024\/01\/permanent-rty-ceske-budejovice-1536x1536.webp 1536w, https:\/\/permanentmakeup.cz\/wp-content\/uploads\/2024\/01\/permanent-rty-ceske-budejovice-12x12.webp 12w\" sizes=\"(max-width: 1920px) 100vw, 1920px\" \/><figcaption class=\"wp-element-caption\">Ein Beispiel f\u00fcr das permanente Lippen-Make-up meiner Kundin<\/figcaption><\/figure>\n<\/div>\n\n\n<p>Die Lippen m\u00fcssen (wie andere permanente Farben) etwa 7-10 Tage lang gepflegt werden. W\u00e4hrend dieser Zeit sollte nichts anderes als die empfohlene Vaseline oder Salbe auf die Lippen kommen. Die Kundin muss beim Waschen ihrer Haare und ihres Gesichts darauf achten, dass kein Wasser auf die Lippen gelangt. Nat\u00fcrlich kann sie Cremes und Make-up verwenden, wie sie m\u00f6chte, aber der Lippenbereich sollte immer ausgespart werden. In den ersten 3 Tagen empfiehlt es sich, mit einem Strohhalm zu trinken und den Mund beim Essen weiter zu \u00f6ffnen, damit die t\u00e4towierte Stelle m\u00f6glichst wenig ber\u00fchrt wird. Die Lippen beginnen sich fr\u00fcher abzul\u00f6sen als die Augenbrauen. Das liegt an der gr\u00f6\u00dferen Bewegung und der weicheren Haut. Nach dem Peeling sehen die Lippen auf jeden Fall sehr hell aus. In den n\u00e4chsten 3 Wochen arbeitet sich die Farbe in die Haut ein und pendelt sich auf eine bestimmte Intensit\u00e4t ein. Daher wird der Kunde das Ergebnis der ersten Anwendung erst nach etwa 4 Wochen sehen.<\/p>\n\n\n\n<p>Nach der Anwendung wird empfohlen, eine Woche lang keinen Sport zu treiben (wegen des Schwitzens) und auch Schwimmbad, Sauna und Solarium zu meiden. Im Sommer sollte die frische Dauerwelle vor direkter Sonneneinstrahlung gesch\u00fctzt werden. Das bedeutet nicht, dass Permanent Make-up im Sommer nicht gemacht wird. Es gibt viele L\u00e4nder auf der Welt, in denen das ganze Jahr \u00fcber Sommer ist, und dort werden Dauerwellen nat\u00fcrlich auch angewendet. Es gibt jedoch Einschr\u00e4nkungen, die zu beachten sind. Planen Sie Ihre Anwendung also nicht unmittelbar vor einem Urlaub am Meer, in den Bergen oder einem Kuraufenthalt.<\/p>\n\n\n\n<p><\/p>","protected":false},"excerpt":{"rendered":"<p>Jak prob\u00edh\u00e1 permanentn\u00ed make-up rt\u016f se pod\u00edvejte na videu: Permanent rt\u016f &#8211; doporu\u010den\u00e1 p\u00e9\u010de Po z\u00e1kroku odch\u00e1z\u00ed klientka s o\u0161et\u0159en\u00fdmi rty. Pot\u00e9 je pot\u0159eba m\u00edsto mazat ka\u017ed\u00fd den ( nejl\u00e9pe 3kr\u00e1t ), ale u v\u0161ech permanent\u016f plat\u00ed, \u010d\u00edm m\u00e9n\u011b, t\u00edm v\u00edce. Mazat klientka mus\u00ed, ale opravdu velmi mal\u00fdm mno\u017estv\u00edm a v\u017edy vatovou ty\u010dinkou. Nikdy prsty, [&hellip;]<\/p>\n","protected":false},"author":1,"featured_media":938,"parent":59,"menu_order":0,"comment_status":"closed","ping_status":"closed","template":"","meta":{"_acf_changed":false,"footnotes":""},"class_list":["post-241","page","type-page","status-publish","has-post-thumbnail","hentry"],"acf":[],"_links":{"self":[{"href":"https:\/\/permanentmakeup.cz\/de\/wp-json\/wp\/v2\/pages\/241","targetHints":{"allow":["GET"]}}],"collection":[{"href":"https:\/\/permanentmakeup.cz\/de\/wp-json\/wp\/v2\/pages"}],"about":[{"href":"https:\/\/permanentmakeup.cz\/de\/wp-json\/wp\/v2\/types\/page"}],"author":[{"embeddable":true,"href":"https:\/\/permanentmakeup.cz\/de\/wp-json\/wp\/v2\/users\/1"}],"replies":[{"embeddable":true,"href":"https:\/\/permanentmakeup.cz\/de\/wp-json\/wp\/v2\/comments?post=241"}],"version-history":[{"count":2,"href":"https:\/\/permanentmakeup.cz\/de\/wp-json\/wp\/v2\/pages\/241\/revisions"}],"predecessor-version":[{"id":1056,"href":"https:\/\/permanentmakeup.cz\/de\/wp-json\/wp\/v2\/pages\/241\/revisions\/1056"}],"up":[{"embeddable":true,"href":"https:\/\/permanentmakeup.cz\/de\/wp-json\/wp\/v2\/pages\/59"}],"wp:featuredmedia":[{"embeddable":true,"href":"https:\/\/permanentmakeup.cz\/de\/wp-json\/wp\/v2\/media\/938"}],"wp:attachment":[{"href":"https:\/\/permanentmakeup.cz\/de\/wp-json\/wp\/v2\/media?parent=241"}],"curies":[{"name":"wp","href":"https:\/\/api.w.org\/{rel}","templated":true}]}}