{"id":225,"date":"2024-01-15T16:30:26","date_gmt":"2024-01-15T16:30:26","guid":{"rendered":"https:\/\/permanentmakeup.cz\/domains\/permanentmakeup.cz\/?page_id=225"},"modified":"2024-01-30T00:20:51","modified_gmt":"2024-01-29T23:20:51","slug":"mesotherapie","status":"publish","type":"page","link":"https:\/\/permanentmakeup.cz\/de\/kosmetika\/mezoterapie\/","title":{"rendered":"Mesotherapie mit Nadeln"},"content":{"rendered":"<h2 class=\"wp-block-heading\">Was ist Mesotherapie?<\/h2>\n\n\n\n<p>Die Nadelmesotherapie ist ein Verfahren, mit dem in kurzer Zeit eine deutliche Hautverj\u00fcngung im Gesicht, am Dekollet\u00e9 und am Hals, aber auch z. B. an den Handr\u00fccken erreicht werden kann. Sie ist eine der wenigen Dermotherapien, die f\u00fcr alle Hauttypen geeignet ist und auch bei empfindlicher Haut sowie im Augen- und Halsbereich eingesetzt werden kann.<\/p>\n\n\n\n<p>Microneedling l\u00f6st nachweislich die Kollagenproduktion und die Heilungskaskade aus, ohne das Risiko einer Hyperpigmentierung.<\/p>\n\n\n\n<p>Es handelt sich um eine minimalinvasive Methode, bei der spezielle medizinische L\u00f6sungen in die mittlere Hautschicht (d. h. in eine Tiefe von etwa 4 mm) injiziert werden, ohne Blutgef\u00e4\u00dfe oder Nerven zu verletzen. Die Behandlungsl\u00f6sungen enthalten hohe Konzentrationen von Vitaminen, Aminos\u00e4uren und Enzymen. Diese Stoffe sind f\u00fcr die Regeneration unerl\u00e4sslich. Ist die Haut trocken und sollen kleine F\u00e4ltchen aufgef\u00fcllt werden, wird diese L\u00f6sung meist mit Hyalurons\u00e4ure kombiniert. Diese ist ein wichtiger Baustein der Haut. Ihre Anwendung f\u00fchrt zu einer intensiven Befeuchtung und anschlie\u00dfenden Straffung und Festigung der Haut.<\/p>\n\n\n\n<p>Es wird empfohlen, 8 Behandlungen durchzuf\u00fchren (eine oder zwei pro Woche). Die Pause vor der n\u00e4chsten Behandlung von 8 Behandlungen sollte einen Monat betragen.<\/p>\n\n\n\n<h3 class=\"wp-block-heading\">Ausr\u00fcstung f\u00fcr die Mesotherapie<\/h3>\n\n\n<div class=\"wp-block-image\">\n<figure class=\"alignright size-medium\"><img decoding=\"async\" width=\"225\" height=\"300\" src=\"https:\/\/permanentmakeup.cz\/wp-content\/uploads\/2024\/01\/mezoterapie_drnek_meso_gun-225x300.webp\" alt=\"\" class=\"wp-image-727\" srcset=\"https:\/\/permanentmakeup.cz\/wp-content\/uploads\/2024\/01\/mezoterapie_drnek_meso_gun-225x300.webp 225w, https:\/\/permanentmakeup.cz\/wp-content\/uploads\/2024\/01\/mezoterapie_drnek_meso_gun.webp 768w\" sizes=\"(max-width: 225px) 100vw, 225px\" \/><figcaption class=\"wp-element-caption\">Dr. Nek-Fleischpistole<\/figcaption><\/figure>\n<\/div>\n\n\n<p>Dr.Nek Meso Gun (Sie kennen vielleicht \u00e4hnliche Ger\u00e4te wie: Vital Injector, Mesoboost, Skinbooster, Mesojet Gun) ist ein Ger\u00e4t, das zwei Technologien kombiniert - Meso-Chip transdermale Penetration und Radiofrequenz. Das Ger\u00e4t erzeugt Zehntausende von tempor\u00e4ren Mikrokan\u00e4len, durch die Seren effizient, schnell und schmerzlos in die mittlere Hautschicht injiziert werden. Die transdermale Penetration mit Meso-Chip ist eine fortschrittliche Form der Mesotherapie, bei der ein spezielles Ger\u00e4t, ein so genannter Meso-Chip\", verwendet wird, der eine einfachere und effektivere Anwendung von kosmetischen Wirkstoffen durch die Haut erm\u00f6glicht.Radiofrequenz ist ein kosmetisches Verfahren, bei dem ein hochfrequenter Strom elektromagnetischer Energie zur Erw\u00e4rmung der Hautschichten und des Unterhautgewebes eingesetzt wird. Diese W\u00e4rmeenergie regt die Produktion von Kollagen und Elastin an, was zu einer verbesserten Hautqualit\u00e4t und Elastizit\u00e4t f\u00fchrt.<\/p>","protected":false},"excerpt":{"rendered":"<p>Co je mezoterapie? Jehli\u010dkov\u00e1 mezoterapie je postup, kter\u00fdm lze dos\u00e1hnout v\u00fdrazn\u00e9 omlazen\u00ed poko\u017eky obli\u010deje, dekoltu a krku, ale tak\u00e9 nap\u0159\u00edklad h\u0159betu rukou v kr\u00e1tk\u00e9m \u010dase. Jedn\u00e1 se o jednu z m\u00e1la dermoterapi\u00ed, kter\u00e9 jsou vhodn\u00e9 pro v\u0161echny typy pleti a m\u016f\u017ee b\u00fdt pou\u017eita i na l\u00e9\u010dbu k\u0159ehk\u00e9 poko\u017eky a okol\u00ed o\u010d\u00ed a krku. Bylo prok\u00e1z\u00e1no, [&hellip;]<\/p>\n","protected":false},"author":1,"featured_media":727,"parent":61,"menu_order":0,"comment_status":"closed","ping_status":"closed","template":"","meta":{"_acf_changed":false,"footnotes":""},"class_list":["post-225","page","type-page","status-publish","has-post-thumbnail","hentry"],"acf":[],"_links":{"self":[{"href":"https:\/\/permanentmakeup.cz\/de\/wp-json\/wp\/v2\/pages\/225","targetHints":{"allow":["GET"]}}],"collection":[{"href":"https:\/\/permanentmakeup.cz\/de\/wp-json\/wp\/v2\/pages"}],"about":[{"href":"https:\/\/permanentmakeup.cz\/de\/wp-json\/wp\/v2\/types\/page"}],"author":[{"embeddable":true,"href":"https:\/\/permanentmakeup.cz\/de\/wp-json\/wp\/v2\/users\/1"}],"replies":[{"embeddable":true,"href":"https:\/\/permanentmakeup.cz\/de\/wp-json\/wp\/v2\/comments?post=225"}],"version-history":[{"count":0,"href":"https:\/\/permanentmakeup.cz\/de\/wp-json\/wp\/v2\/pages\/225\/revisions"}],"up":[{"embeddable":true,"href":"https:\/\/permanentmakeup.cz\/de\/wp-json\/wp\/v2\/pages\/61"}],"wp:featuredmedia":[{"embeddable":true,"href":"https:\/\/permanentmakeup.cz\/de\/wp-json\/wp\/v2\/media\/727"}],"wp:attachment":[{"href":"https:\/\/permanentmakeup.cz\/de\/wp-json\/wp\/v2\/media?parent=225"}],"curies":[{"name":"wp","href":"https:\/\/api.w.org\/{rel}","templated":true}]}}